{"id":343,"date":"2019-10-23T12:08:45","date_gmt":"2019-10-23T12:08:45","guid":{"rendered":"https:\/\/www.aircluster.org\/es\/?page_id=343"},"modified":"2024-09-19T12:25:27","modified_gmt":"2024-09-19T11:25:27","slug":"como-sincronizar-con-air-cluster","status":"publish","type":"page","link":"https:\/\/www.aircluster.org\/es\/como-sincronizar-con-air-cluster\/","title":{"rendered":"\u00bfC\u00f3mo sincronizar con Air Cluster?"},"content":{"rendered":"\n<p>La herramienta de sincronizar de Air Cluster la puedes sacar desde la ventana \u00abInicio\u00bb. Desde ah\u00ed podr\u00e1s iniciar una sincronizaci\u00f3n o cargar una que tengas guardada de antemano.<\/p>\n\n\n\n<figure class=\"wp-block-gallery has-nested-images columns-0 is-cropped wp-block-gallery-1 is-layout-flex wp-block-gallery-is-layout-flex\">\n<figure class=\"wp-block-image size-large\"><img fetchpriority=\"high\" decoding=\"async\" width=\"944\" height=\"688\" data-id=\"409\" src=\"https:\/\/www.aircluster.org\/es\/wp-content\/uploads\/sites\/3\/2019\/11\/screenshot_sync01-1.png\" alt=\"\" class=\"wp-image-409\" srcset=\"https:\/\/www.aircluster.org\/es\/wp-content\/uploads\/sites\/3\/2019\/11\/screenshot_sync01-1.png 944w, https:\/\/www.aircluster.org\/es\/wp-content\/uploads\/sites\/3\/2019\/11\/screenshot_sync01-1-300x219.png 300w, https:\/\/www.aircluster.org\/es\/wp-content\/uploads\/sites\/3\/2019\/11\/screenshot_sync01-1-768x560.png 768w\" sizes=\"(max-width: 944px) 100vw, 944px\" \/><\/figure>\n<\/figure>\n\n\n\n<p>Desde la ventana de sincronizaci\u00f3n se buscan las dos carpetas\/cluster\/disco duro local que quieres sincronizar.<\/p>\n\n\n\n<figure class=\"wp-block-gallery has-nested-images columns-default is-cropped wp-block-gallery-2 is-layout-flex wp-block-gallery-is-layout-flex\">\n<figure class=\"wp-block-image size-large\"><img decoding=\"async\" width=\"1024\" height=\"584\" data-id=\"393\" src=\"https:\/\/www.aircluster.org\/es\/wp-content\/uploads\/sites\/3\/2019\/11\/screenshot_sync02-1-1024x584.png\" alt=\"\" class=\"wp-image-393\" srcset=\"https:\/\/www.aircluster.org\/es\/wp-content\/uploads\/sites\/3\/2019\/11\/screenshot_sync02-1-1024x584.png 1024w, https:\/\/www.aircluster.org\/es\/wp-content\/uploads\/sites\/3\/2019\/11\/screenshot_sync02-1-300x171.png 300w, https:\/\/www.aircluster.org\/es\/wp-content\/uploads\/sites\/3\/2019\/11\/screenshot_sync02-1-768x438.png 768w, https:\/\/www.aircluster.org\/es\/wp-content\/uploads\/sites\/3\/2019\/11\/screenshot_sync02-1.png 1137w\" sizes=\"(max-width: 1024px) 100vw, 1024px\" \/><\/figure>\n<\/figure>\n\n\n\n<p>Desde esta misma pantalla se puede elegir el tipo de sincronizacion: espejo, espejo actualizado, actualizado, bidireccional y customizado. Adem\u00e1s que se pueden a\u00f1adir algunos filtros.<\/p>\n\n\n\n<figure class=\"wp-block-gallery has-nested-images columns-default is-cropped wp-block-gallery-3 is-layout-flex wp-block-gallery-is-layout-flex\">\n<figure class=\"wp-block-image size-large\"><img decoding=\"async\" width=\"574\" height=\"423\" data-id=\"394\" src=\"https:\/\/www.aircluster.org\/es\/wp-content\/uploads\/sites\/3\/2019\/11\/screenshot_sync03-1.png\" alt=\"\" class=\"wp-image-394\" srcset=\"https:\/\/www.aircluster.org\/es\/wp-content\/uploads\/sites\/3\/2019\/11\/screenshot_sync03-1.png 574w, https:\/\/www.aircluster.org\/es\/wp-content\/uploads\/sites\/3\/2019\/11\/screenshot_sync03-1-300x221.png 300w\" sizes=\"(max-width: 574px) 100vw, 574px\" \/><\/figure>\n<\/figure>\n\n\n\n<p>Una vez configuradas las carpetas y el tipo de sincronizaci\u00f3n puedes iniciarla.<\/p>\n\n\n\n<figure class=\"wp-block-gallery has-nested-images columns-default is-cropped wp-block-gallery-4 is-layout-flex wp-block-gallery-is-layout-flex\">\n<figure class=\"wp-block-image size-large\"><img loading=\"lazy\" decoding=\"async\" width=\"1024\" height=\"584\" data-id=\"395\" src=\"https:\/\/www.aircluster.org\/es\/wp-content\/uploads\/sites\/3\/2019\/11\/screenshot_sync04-1-1024x584.png\" alt=\"\" class=\"wp-image-395\" srcset=\"https:\/\/www.aircluster.org\/es\/wp-content\/uploads\/sites\/3\/2019\/11\/screenshot_sync04-1-1024x584.png 1024w, https:\/\/www.aircluster.org\/es\/wp-content\/uploads\/sites\/3\/2019\/11\/screenshot_sync04-1-300x171.png 300w, https:\/\/www.aircluster.org\/es\/wp-content\/uploads\/sites\/3\/2019\/11\/screenshot_sync04-1-768x438.png 768w, https:\/\/www.aircluster.org\/es\/wp-content\/uploads\/sites\/3\/2019\/11\/screenshot_sync04-1.png 1137w\" sizes=\"(max-width: 1024px) 100vw, 1024px\" \/><\/figure>\n<\/figure>\n\n\n\n<p>Tambi\u00e9n se puede desde aqu\u00ed guardar la sincronizaci\u00f3n para volverla a cargar si se quiere repetir otras veces.<\/p>\n\n\n\n<figure class=\"wp-block-gallery has-nested-images columns-default is-cropped wp-block-gallery-5 is-layout-flex wp-block-gallery-is-layout-flex\">\n<figure class=\"wp-block-image size-large\"><img loading=\"lazy\" decoding=\"async\" width=\"1024\" height=\"621\" data-id=\"396\" src=\"https:\/\/www.aircluster.org\/es\/wp-content\/uploads\/sites\/3\/2019\/11\/screenshot_sync05-1-1024x621.png\" alt=\"\" class=\"wp-image-396\" srcset=\"https:\/\/www.aircluster.org\/es\/wp-content\/uploads\/sites\/3\/2019\/11\/screenshot_sync05-1-1024x621.png 1024w, https:\/\/www.aircluster.org\/es\/wp-content\/uploads\/sites\/3\/2019\/11\/screenshot_sync05-1-300x182.png 300w, https:\/\/www.aircluster.org\/es\/wp-content\/uploads\/sites\/3\/2019\/11\/screenshot_sync05-1-768x466.png 768w, https:\/\/www.aircluster.org\/es\/wp-content\/uploads\/sites\/3\/2019\/11\/screenshot_sync05-1.png 1134w\" sizes=\"(max-width: 1024px) 100vw, 1024px\" \/><\/figure>\n<\/figure>\n\n\n\n<hr class=\"wp-block-separator has-css-opacity\"\/>\n\n\n\n<p>Tambi\u00e9n puedes consultar m\u00e1s informaci\u00f3n aqu\u00ed:<br><a href=\"https:\/\/www.aircluster.org\/es\/blog\/2020\/05\/16\/une-varias-nubes-y-sincronizalas-con-tu-pc\/\">-Une varias nubes y sincronizalas con tu pc<\/a><br><a href=\"https:\/\/www.aircluster.org\/es\/blog\/2020\/02\/26\/sincronizar-entre-local-y-tu-nube\/\">-Sincronizar entre local y tu nube<\/a><\/p>\n","protected":false},"excerpt":{"rendered":"<p>La herramienta de sincronizar de Air Cluster la puedes sacar desde la ventana \u00abInicio\u00bb. Desde ah\u00ed podr\u00e1s iniciar una sincronizaci\u00f3n o cargar una que tengas guardada de antemano. Desde la ventana de sincronizaci\u00f3n se buscan las dos carpetas\/cluster\/disco duro local que quieres sincronizar. Desde esta misma pantalla se puede elegir el tipo de sincronizacion: espejo,&nbsp;&hellip;<\/p>\n","protected":false},"author":1,"featured_media":0,"parent":0,"menu_order":0,"comment_status":"closed","ping_status":"closed","template":"","meta":{"footnotes":""},"class_list":["post-343","page","type-page","status-publish","hentry"],"yoast_head":"<!-- This site is optimized with the Yoast SEO plugin v27.4 - https:\/\/yoast.com\/product\/yoast-seo-wordpress\/ -->\n<title>Air Cluster - \u00bfC\u00f3mo sincronizar con Air Cluster?<\/title>\n<meta name=\"description\" content=\"C\u00f3mo sincronizar con Air Cluster y hacer copias de seguridad o gestionar tus archivos en la nube.\" \/>\n<meta name=\"robots\" content=\"index, follow, max-snippet:-1, max-image-preview:large, max-video-preview:-1\" \/>\n<link rel=\"canonical\" href=\"https:\/\/www.aircluster.org\/es\/como-sincronizar-con-air-cluster\/\" \/>\n<meta property=\"og:locale\" content=\"es_ES\" \/>\n<meta property=\"og:type\" content=\"article\" \/>\n<meta property=\"og:title\" content=\"Air Cluster - \u00bfC\u00f3mo sincronizar con Air Cluster?\" \/>\n<meta property=\"og:description\" content=\"C\u00f3mo sincronizar con Air Cluster y hacer copias de seguridad o gestionar tus archivos en la nube.\" \/>\n<meta property=\"og:url\" content=\"https:\/\/www.aircluster.org\/es\/como-sincronizar-con-air-cluster\/\" \/>\n<meta property=\"og:site_name\" content=\"Air Cluster\" \/>\n<meta property=\"article:publisher\" content=\"https:\/\/www.facebook.com\/aircluster\" \/>\n<meta property=\"article:modified_time\" content=\"2024-09-19T11:25:27+00:00\" \/>\n<meta property=\"og:image\" content=\"https:\/\/www.aircluster.org\/es\/wp-content\/uploads\/sites\/3\/2019\/11\/screenshot_sync01-1.png\" \/>\n<meta name=\"twitter:card\" content=\"summary_large_image\" \/>\n<meta name=\"twitter:label1\" content=\"Tiempo de lectura\" \/>\n\t<meta name=\"twitter:data1\" content=\"2 minutos\" \/>\n<script type=\"application\/ld+json\" class=\"yoast-schema-graph\">{\"@context\":\"https:\\\/\\\/schema.org\",\"@graph\":[{\"@type\":\"WebPage\",\"@id\":\"https:\\\/\\\/www.aircluster.org\\\/es\\\/como-sincronizar-con-air-cluster\\\/\",\"url\":\"https:\\\/\\\/www.aircluster.org\\\/es\\\/como-sincronizar-con-air-cluster\\\/\",\"name\":\"Air Cluster - \u00bfC\u00f3mo sincronizar con Air Cluster?\",\"isPartOf\":{\"@id\":\"https:\\\/\\\/www.aircluster.org\\\/es\\\/#website\"},\"primaryImageOfPage\":{\"@id\":\"https:\\\/\\\/www.aircluster.org\\\/es\\\/como-sincronizar-con-air-cluster\\\/#primaryimage\"},\"image\":{\"@id\":\"https:\\\/\\\/www.aircluster.org\\\/es\\\/como-sincronizar-con-air-cluster\\\/#primaryimage\"},\"thumbnailUrl\":\"https:\\\/\\\/www.aircluster.org\\\/es\\\/wp-content\\\/uploads\\\/sites\\\/3\\\/2019\\\/11\\\/screenshot_sync01-1.png\",\"datePublished\":\"2019-10-23T12:08:45+00:00\",\"dateModified\":\"2024-09-19T11:25:27+00:00\",\"description\":\"C\u00f3mo sincronizar con Air Cluster y hacer copias de seguridad o gestionar tus archivos en la nube.\",\"breadcrumb\":{\"@id\":\"https:\\\/\\\/www.aircluster.org\\\/es\\\/como-sincronizar-con-air-cluster\\\/#breadcrumb\"},\"inLanguage\":\"es\",\"potentialAction\":[{\"@type\":\"ReadAction\",\"target\":[\"https:\\\/\\\/www.aircluster.org\\\/es\\\/como-sincronizar-con-air-cluster\\\/\"]}]},{\"@type\":\"ImageObject\",\"inLanguage\":\"es\",\"@id\":\"https:\\\/\\\/www.aircluster.org\\\/es\\\/como-sincronizar-con-air-cluster\\\/#primaryimage\",\"url\":\"https:\\\/\\\/www.aircluster.org\\\/es\\\/wp-content\\\/uploads\\\/sites\\\/3\\\/2019\\\/11\\\/screenshot_sync01-1.png\",\"contentUrl\":\"https:\\\/\\\/www.aircluster.org\\\/es\\\/wp-content\\\/uploads\\\/sites\\\/3\\\/2019\\\/11\\\/screenshot_sync01-1.png\",\"width\":944,\"height\":688},{\"@type\":\"BreadcrumbList\",\"@id\":\"https:\\\/\\\/www.aircluster.org\\\/es\\\/como-sincronizar-con-air-cluster\\\/#breadcrumb\",\"itemListElement\":[{\"@type\":\"ListItem\",\"position\":1,\"name\":\"Portada\",\"item\":\"https:\\\/\\\/www.aircluster.org\\\/es\\\/\"},{\"@type\":\"ListItem\",\"position\":2,\"name\":\"\u00bfC\u00f3mo sincronizar con Air Cluster?\"}]},{\"@type\":\"WebSite\",\"@id\":\"https:\\\/\\\/www.aircluster.org\\\/es\\\/#website\",\"url\":\"https:\\\/\\\/www.aircluster.org\\\/es\\\/\",\"name\":\"Air Cluster\",\"description\":\"Suma todas tus nubes y crea una \u00fanica nube\",\"publisher\":{\"@id\":\"https:\\\/\\\/www.aircluster.org\\\/es\\\/#organization\"},\"potentialAction\":[{\"@type\":\"SearchAction\",\"target\":{\"@type\":\"EntryPoint\",\"urlTemplate\":\"https:\\\/\\\/www.aircluster.org\\\/es\\\/?s={search_term_string}\"},\"query-input\":{\"@type\":\"PropertyValueSpecification\",\"valueRequired\":true,\"valueName\":\"search_term_string\"}}],\"inLanguage\":\"es\"},{\"@type\":\"Organization\",\"@id\":\"https:\\\/\\\/www.aircluster.org\\\/es\\\/#organization\",\"name\":\"Air Cluster\",\"url\":\"https:\\\/\\\/www.aircluster.org\\\/es\\\/\",\"logo\":{\"@type\":\"ImageObject\",\"inLanguage\":\"es\",\"@id\":\"https:\\\/\\\/www.aircluster.org\\\/es\\\/#\\\/schema\\\/logo\\\/image\\\/\",\"url\":\"https:\\\/\\\/www.aircluster.org\\\/es\\\/wp-content\\\/uploads\\\/sites\\\/3\\\/2019\\\/10\\\/cropped-aircluster_logo512.png\",\"contentUrl\":\"https:\\\/\\\/www.aircluster.org\\\/es\\\/wp-content\\\/uploads\\\/sites\\\/3\\\/2019\\\/10\\\/cropped-aircluster_logo512.png\",\"width\":512,\"height\":512,\"caption\":\"Air Cluster\"},\"image\":{\"@id\":\"https:\\\/\\\/www.aircluster.org\\\/es\\\/#\\\/schema\\\/logo\\\/image\\\/\"},\"sameAs\":[\"https:\\\/\\\/www.facebook.com\\\/aircluster\"]}]}<\/script>\n<!-- \/ Yoast SEO plugin. -->","yoast_head_json":{"title":"Air Cluster - \u00bfC\u00f3mo sincronizar con Air Cluster?","description":"C\u00f3mo sincronizar con Air Cluster y hacer copias de seguridad o gestionar tus archivos en la nube.","robots":{"index":"index","follow":"follow","max-snippet":"max-snippet:-1","max-image-preview":"max-image-preview:large","max-video-preview":"max-video-preview:-1"},"canonical":"https:\/\/www.aircluster.org\/es\/como-sincronizar-con-air-cluster\/","og_locale":"es_ES","og_type":"article","og_title":"Air Cluster - \u00bfC\u00f3mo sincronizar con Air Cluster?","og_description":"C\u00f3mo sincronizar con Air Cluster y hacer copias de seguridad o gestionar tus archivos en la nube.","og_url":"https:\/\/www.aircluster.org\/es\/como-sincronizar-con-air-cluster\/","og_site_name":"Air Cluster","article_publisher":"https:\/\/www.facebook.com\/aircluster","article_modified_time":"2024-09-19T11:25:27+00:00","og_image":[{"url":"https:\/\/www.aircluster.org\/es\/wp-content\/uploads\/sites\/3\/2019\/11\/screenshot_sync01-1.png","type":"","width":"","height":""}],"twitter_card":"summary_large_image","twitter_misc":{"Tiempo de lectura":"2 minutos"},"schema":{"@context":"https:\/\/schema.org","@graph":[{"@type":"WebPage","@id":"https:\/\/www.aircluster.org\/es\/como-sincronizar-con-air-cluster\/","url":"https:\/\/www.aircluster.org\/es\/como-sincronizar-con-air-cluster\/","name":"Air Cluster - \u00bfC\u00f3mo sincronizar con Air Cluster?","isPartOf":{"@id":"https:\/\/www.aircluster.org\/es\/#website"},"primaryImageOfPage":{"@id":"https:\/\/www.aircluster.org\/es\/como-sincronizar-con-air-cluster\/#primaryimage"},"image":{"@id":"https:\/\/www.aircluster.org\/es\/como-sincronizar-con-air-cluster\/#primaryimage"},"thumbnailUrl":"https:\/\/www.aircluster.org\/es\/wp-content\/uploads\/sites\/3\/2019\/11\/screenshot_sync01-1.png","datePublished":"2019-10-23T12:08:45+00:00","dateModified":"2024-09-19T11:25:27+00:00","description":"C\u00f3mo sincronizar con Air Cluster y hacer copias de seguridad o gestionar tus archivos en la nube.","breadcrumb":{"@id":"https:\/\/www.aircluster.org\/es\/como-sincronizar-con-air-cluster\/#breadcrumb"},"inLanguage":"es","potentialAction":[{"@type":"ReadAction","target":["https:\/\/www.aircluster.org\/es\/como-sincronizar-con-air-cluster\/"]}]},{"@type":"ImageObject","inLanguage":"es","@id":"https:\/\/www.aircluster.org\/es\/como-sincronizar-con-air-cluster\/#primaryimage","url":"https:\/\/www.aircluster.org\/es\/wp-content\/uploads\/sites\/3\/2019\/11\/screenshot_sync01-1.png","contentUrl":"https:\/\/www.aircluster.org\/es\/wp-content\/uploads\/sites\/3\/2019\/11\/screenshot_sync01-1.png","width":944,"height":688},{"@type":"BreadcrumbList","@id":"https:\/\/www.aircluster.org\/es\/como-sincronizar-con-air-cluster\/#breadcrumb","itemListElement":[{"@type":"ListItem","position":1,"name":"Portada","item":"https:\/\/www.aircluster.org\/es\/"},{"@type":"ListItem","position":2,"name":"\u00bfC\u00f3mo sincronizar con Air Cluster?"}]},{"@type":"WebSite","@id":"https:\/\/www.aircluster.org\/es\/#website","url":"https:\/\/www.aircluster.org\/es\/","name":"Air Cluster","description":"Suma todas tus nubes y crea una \u00fanica nube","publisher":{"@id":"https:\/\/www.aircluster.org\/es\/#organization"},"potentialAction":[{"@type":"SearchAction","target":{"@type":"EntryPoint","urlTemplate":"https:\/\/www.aircluster.org\/es\/?s={search_term_string}"},"query-input":{"@type":"PropertyValueSpecification","valueRequired":true,"valueName":"search_term_string"}}],"inLanguage":"es"},{"@type":"Organization","@id":"https:\/\/www.aircluster.org\/es\/#organization","name":"Air Cluster","url":"https:\/\/www.aircluster.org\/es\/","logo":{"@type":"ImageObject","inLanguage":"es","@id":"https:\/\/www.aircluster.org\/es\/#\/schema\/logo\/image\/","url":"https:\/\/www.aircluster.org\/es\/wp-content\/uploads\/sites\/3\/2019\/10\/cropped-aircluster_logo512.png","contentUrl":"https:\/\/www.aircluster.org\/es\/wp-content\/uploads\/sites\/3\/2019\/10\/cropped-aircluster_logo512.png","width":512,"height":512,"caption":"Air Cluster"},"image":{"@id":"https:\/\/www.aircluster.org\/es\/#\/schema\/logo\/image\/"},"sameAs":["https:\/\/www.facebook.com\/aircluster"]}]}},"_links":{"self":[{"href":"https:\/\/www.aircluster.org\/es\/wp-json\/wp\/v2\/pages\/343","targetHints":{"allow":["GET"]}}],"collection":[{"href":"https:\/\/www.aircluster.org\/es\/wp-json\/wp\/v2\/pages"}],"about":[{"href":"https:\/\/www.aircluster.org\/es\/wp-json\/wp\/v2\/types\/page"}],"author":[{"embeddable":true,"href":"https:\/\/www.aircluster.org\/es\/wp-json\/wp\/v2\/users\/1"}],"replies":[{"embeddable":true,"href":"https:\/\/www.aircluster.org\/es\/wp-json\/wp\/v2\/comments?post=343"}],"version-history":[{"count":5,"href":"https:\/\/www.aircluster.org\/es\/wp-json\/wp\/v2\/pages\/343\/revisions"}],"predecessor-version":[{"id":1662,"href":"https:\/\/www.aircluster.org\/es\/wp-json\/wp\/v2\/pages\/343\/revisions\/1662"}],"wp:attachment":[{"href":"https:\/\/www.aircluster.org\/es\/wp-json\/wp\/v2\/media?parent=343"}],"curies":[{"name":"wp","href":"https:\/\/api.w.org\/{rel}","templated":true}]}}