{"id":341,"date":"2019-10-23T12:08:23","date_gmt":"2019-10-23T12:08:23","guid":{"rendered":"https:\/\/www.aircluster.org\/es\/?page_id=341"},"modified":"2020-12-14T12:47:43","modified_gmt":"2020-12-14T11:47:43","slug":"como-crear-un-cluster-y-anadir-las-nubes","status":"publish","type":"page","link":"https:\/\/www.aircluster.org\/es\/como-crear-un-cluster-y-anadir-las-nubes\/","title":{"rendered":"\u00bfC\u00f3mo crear un cluster y a\u00f1adir las nubes?"},"content":{"rendered":"\n<p>Para empezar a trabajar con Air Cluster, hay que crear un cluster que sume todas tus nubes, para ello solo tienes que entrar en el programa y en la pantalla de \u00abConfiguraci\u00f3n de discos\u00bb  a\u00f1adir las cuentas de tus nubes.<\/p>\n\n\n\n<figure class=\"wp-block-gallery columns-1 is-cropped wp-block-gallery-1 is-layout-flex wp-block-gallery-is-layout-flex\"><ul class=\"blocks-gallery-grid\"><li class=\"blocks-gallery-item\"><figure><img fetchpriority=\"high\" decoding=\"async\" width=\"994\" height=\"688\" src=\"https:\/\/www.aircluster.org\/es\/wp-content\/uploads\/sites\/3\/2019\/11\/screenshot_addaccount-1.png\" alt=\"\" data-id=\"386\" data-full-url=\"https:\/\/www.aircluster.org\/es\/wp-content\/uploads\/sites\/3\/2019\/11\/screenshot_addaccount-1.png\" data-link=\"https:\/\/www.aircluster.org\/es\/como-crear-un-cluster-y-anadir-las-nubes\/screenshot_addaccount-1\/\" class=\"wp-image-386\" srcset=\"https:\/\/www.aircluster.org\/es\/wp-content\/uploads\/sites\/3\/2019\/11\/screenshot_addaccount-1.png 994w, https:\/\/www.aircluster.org\/es\/wp-content\/uploads\/sites\/3\/2019\/11\/screenshot_addaccount-1-300x208.png 300w, https:\/\/www.aircluster.org\/es\/wp-content\/uploads\/sites\/3\/2019\/11\/screenshot_addaccount-1-768x532.png 768w\" sizes=\"(max-width: 994px) 100vw, 994px\" \/><\/figure><\/li><\/ul><\/figure>\n\n\n\n<p>Se puede modificar el nombre para personalizar el cluster y se puede visualizar en el gr\u00e1fico la cantidad de espacio libre y espacio utilizado que queda al sumar todas tus cuentas de tus nubes.<\/p>\n\n\n\n<hr class=\"wp-block-separator\"\/>\n\n\n\n<p>Tambi\u00e9n puedes consultar m\u00e1s informaci\u00f3n aqu\u00ed:<br><a href=\"https:\/\/www.aircluster.org\/es\/blog\/2020\/12\/07\/suma-varias-nubes-para-hacer-backups\/\">-Suma varias nubes para hacer backups<\/a><br><a href=\"https:\/\/www.aircluster.org\/es\/blog\/2020\/09\/24\/une-tu-cuentas-de-onedrive-para-obtener-mas-espacio\/\">-Une tu cuentas de OneDrive para obtener m\u00e1s espacio<\/a><br><a href=\"https:\/\/www.aircluster.org\/es\/blog\/2020\/03\/09\/une-a-varias-cuentas-de-google-drive-para-obtener-mas-espacio\/\">-Une a varias cuentas de Google Drive para obtener m\u00e1s espacio<\/a><\/p>\n","protected":false},"excerpt":{"rendered":"<p>Para empezar a trabajar con Air Cluster, hay que crear un cluster que sume todas tus nubes, para ello solo tienes que entrar en el programa y en la pantalla de \u00abConfiguraci\u00f3n de discos\u00bb a\u00f1adir las cuentas de tus nubes. Se puede modificar el nombre para personalizar el cluster y se puede visualizar en el&nbsp;&hellip;<\/p>\n","protected":false},"author":1,"featured_media":0,"parent":0,"menu_order":0,"comment_status":"closed","ping_status":"closed","template":"","meta":{"footnotes":""},"class_list":["post-341","page","type-page","status-publish","hentry"],"yoast_head":"<!-- This site is optimized with the Yoast SEO plugin v27.4 - https:\/\/yoast.com\/product\/yoast-seo-wordpress\/ -->\n<title>Air Cluster - \u00bfC\u00f3mo crear un cluster y a\u00f1adir las nubes?<\/title>\n<meta name=\"description\" content=\"C\u00f3mo crear un cluster y a\u00f1adir las nubes para conseguir agrupar todas tus nubes y crear una gran nube.\" \/>\n<meta name=\"robots\" content=\"index, follow, max-snippet:-1, max-image-preview:large, max-video-preview:-1\" \/>\n<link rel=\"canonical\" href=\"https:\/\/www.aircluster.org\/es\/como-crear-un-cluster-y-anadir-las-nubes\/\" \/>\n<meta property=\"og:locale\" content=\"es_ES\" \/>\n<meta property=\"og:type\" content=\"article\" \/>\n<meta property=\"og:title\" content=\"Air Cluster - \u00bfC\u00f3mo crear un cluster y a\u00f1adir las nubes?\" \/>\n<meta property=\"og:description\" content=\"C\u00f3mo crear un cluster y a\u00f1adir las nubes para conseguir agrupar todas tus nubes y crear una gran nube.\" \/>\n<meta property=\"og:url\" content=\"https:\/\/www.aircluster.org\/es\/como-crear-un-cluster-y-anadir-las-nubes\/\" \/>\n<meta property=\"og:site_name\" content=\"Air Cluster\" \/>\n<meta property=\"article:publisher\" content=\"https:\/\/www.facebook.com\/aircluster\" \/>\n<meta property=\"article:modified_time\" content=\"2020-12-14T11:47:43+00:00\" \/>\n<meta property=\"og:image\" content=\"https:\/\/www.aircluster.org\/es\/wp-content\/uploads\/sites\/3\/2019\/11\/screenshot_addaccount-1.png\" \/>\n<meta name=\"twitter:card\" content=\"summary_large_image\" \/>\n<meta name=\"twitter:label1\" content=\"Tiempo de lectura\" \/>\n\t<meta name=\"twitter:data1\" content=\"1 minuto\" \/>\n<script type=\"application\/ld+json\" class=\"yoast-schema-graph\">{\"@context\":\"https:\\\/\\\/schema.org\",\"@graph\":[{\"@type\":\"WebPage\",\"@id\":\"https:\\\/\\\/www.aircluster.org\\\/es\\\/como-crear-un-cluster-y-anadir-las-nubes\\\/\",\"url\":\"https:\\\/\\\/www.aircluster.org\\\/es\\\/como-crear-un-cluster-y-anadir-las-nubes\\\/\",\"name\":\"Air Cluster - \u00bfC\u00f3mo crear un cluster y a\u00f1adir las nubes?\",\"isPartOf\":{\"@id\":\"https:\\\/\\\/www.aircluster.org\\\/es\\\/#website\"},\"primaryImageOfPage\":{\"@id\":\"https:\\\/\\\/www.aircluster.org\\\/es\\\/como-crear-un-cluster-y-anadir-las-nubes\\\/#primaryimage\"},\"image\":{\"@id\":\"https:\\\/\\\/www.aircluster.org\\\/es\\\/como-crear-un-cluster-y-anadir-las-nubes\\\/#primaryimage\"},\"thumbnailUrl\":\"https:\\\/\\\/www.aircluster.org\\\/es\\\/wp-content\\\/uploads\\\/sites\\\/3\\\/2019\\\/11\\\/screenshot_addaccount-1.png\",\"datePublished\":\"2019-10-23T12:08:23+00:00\",\"dateModified\":\"2020-12-14T11:47:43+00:00\",\"description\":\"C\u00f3mo crear un cluster y a\u00f1adir las nubes para conseguir agrupar todas tus nubes y crear una gran nube.\",\"breadcrumb\":{\"@id\":\"https:\\\/\\\/www.aircluster.org\\\/es\\\/como-crear-un-cluster-y-anadir-las-nubes\\\/#breadcrumb\"},\"inLanguage\":\"es\",\"potentialAction\":[{\"@type\":\"ReadAction\",\"target\":[\"https:\\\/\\\/www.aircluster.org\\\/es\\\/como-crear-un-cluster-y-anadir-las-nubes\\\/\"]}]},{\"@type\":\"ImageObject\",\"inLanguage\":\"es\",\"@id\":\"https:\\\/\\\/www.aircluster.org\\\/es\\\/como-crear-un-cluster-y-anadir-las-nubes\\\/#primaryimage\",\"url\":\"https:\\\/\\\/www.aircluster.org\\\/es\\\/wp-content\\\/uploads\\\/sites\\\/3\\\/2019\\\/11\\\/screenshot_addaccount-1.png\",\"contentUrl\":\"https:\\\/\\\/www.aircluster.org\\\/es\\\/wp-content\\\/uploads\\\/sites\\\/3\\\/2019\\\/11\\\/screenshot_addaccount-1.png\",\"width\":994,\"height\":688},{\"@type\":\"BreadcrumbList\",\"@id\":\"https:\\\/\\\/www.aircluster.org\\\/es\\\/como-crear-un-cluster-y-anadir-las-nubes\\\/#breadcrumb\",\"itemListElement\":[{\"@type\":\"ListItem\",\"position\":1,\"name\":\"Portada\",\"item\":\"https:\\\/\\\/www.aircluster.org\\\/es\\\/\"},{\"@type\":\"ListItem\",\"position\":2,\"name\":\"\u00bfC\u00f3mo crear un cluster y a\u00f1adir las nubes?\"}]},{\"@type\":\"WebSite\",\"@id\":\"https:\\\/\\\/www.aircluster.org\\\/es\\\/#website\",\"url\":\"https:\\\/\\\/www.aircluster.org\\\/es\\\/\",\"name\":\"Air Cluster\",\"description\":\"Suma todas tus nubes y crea una \u00fanica nube\",\"publisher\":{\"@id\":\"https:\\\/\\\/www.aircluster.org\\\/es\\\/#organization\"},\"potentialAction\":[{\"@type\":\"SearchAction\",\"target\":{\"@type\":\"EntryPoint\",\"urlTemplate\":\"https:\\\/\\\/www.aircluster.org\\\/es\\\/?s={search_term_string}\"},\"query-input\":{\"@type\":\"PropertyValueSpecification\",\"valueRequired\":true,\"valueName\":\"search_term_string\"}}],\"inLanguage\":\"es\"},{\"@type\":\"Organization\",\"@id\":\"https:\\\/\\\/www.aircluster.org\\\/es\\\/#organization\",\"name\":\"Air Cluster\",\"url\":\"https:\\\/\\\/www.aircluster.org\\\/es\\\/\",\"logo\":{\"@type\":\"ImageObject\",\"inLanguage\":\"es\",\"@id\":\"https:\\\/\\\/www.aircluster.org\\\/es\\\/#\\\/schema\\\/logo\\\/image\\\/\",\"url\":\"https:\\\/\\\/www.aircluster.org\\\/es\\\/wp-content\\\/uploads\\\/sites\\\/3\\\/2019\\\/10\\\/cropped-aircluster_logo512.png\",\"contentUrl\":\"https:\\\/\\\/www.aircluster.org\\\/es\\\/wp-content\\\/uploads\\\/sites\\\/3\\\/2019\\\/10\\\/cropped-aircluster_logo512.png\",\"width\":512,\"height\":512,\"caption\":\"Air Cluster\"},\"image\":{\"@id\":\"https:\\\/\\\/www.aircluster.org\\\/es\\\/#\\\/schema\\\/logo\\\/image\\\/\"},\"sameAs\":[\"https:\\\/\\\/www.facebook.com\\\/aircluster\"]}]}<\/script>\n<!-- \/ Yoast SEO plugin. -->","yoast_head_json":{"title":"Air Cluster - \u00bfC\u00f3mo crear un cluster y a\u00f1adir las nubes?","description":"C\u00f3mo crear un cluster y a\u00f1adir las nubes para conseguir agrupar todas tus nubes y crear una gran nube.","robots":{"index":"index","follow":"follow","max-snippet":"max-snippet:-1","max-image-preview":"max-image-preview:large","max-video-preview":"max-video-preview:-1"},"canonical":"https:\/\/www.aircluster.org\/es\/como-crear-un-cluster-y-anadir-las-nubes\/","og_locale":"es_ES","og_type":"article","og_title":"Air Cluster - \u00bfC\u00f3mo crear un cluster y a\u00f1adir las nubes?","og_description":"C\u00f3mo crear un cluster y a\u00f1adir las nubes para conseguir agrupar todas tus nubes y crear una gran nube.","og_url":"https:\/\/www.aircluster.org\/es\/como-crear-un-cluster-y-anadir-las-nubes\/","og_site_name":"Air Cluster","article_publisher":"https:\/\/www.facebook.com\/aircluster","article_modified_time":"2020-12-14T11:47:43+00:00","og_image":[{"url":"https:\/\/www.aircluster.org\/es\/wp-content\/uploads\/sites\/3\/2019\/11\/screenshot_addaccount-1.png","type":"","width":"","height":""}],"twitter_card":"summary_large_image","twitter_misc":{"Tiempo de lectura":"1 minuto"},"schema":{"@context":"https:\/\/schema.org","@graph":[{"@type":"WebPage","@id":"https:\/\/www.aircluster.org\/es\/como-crear-un-cluster-y-anadir-las-nubes\/","url":"https:\/\/www.aircluster.org\/es\/como-crear-un-cluster-y-anadir-las-nubes\/","name":"Air Cluster - \u00bfC\u00f3mo crear un cluster y a\u00f1adir las nubes?","isPartOf":{"@id":"https:\/\/www.aircluster.org\/es\/#website"},"primaryImageOfPage":{"@id":"https:\/\/www.aircluster.org\/es\/como-crear-un-cluster-y-anadir-las-nubes\/#primaryimage"},"image":{"@id":"https:\/\/www.aircluster.org\/es\/como-crear-un-cluster-y-anadir-las-nubes\/#primaryimage"},"thumbnailUrl":"https:\/\/www.aircluster.org\/es\/wp-content\/uploads\/sites\/3\/2019\/11\/screenshot_addaccount-1.png","datePublished":"2019-10-23T12:08:23+00:00","dateModified":"2020-12-14T11:47:43+00:00","description":"C\u00f3mo crear un cluster y a\u00f1adir las nubes para conseguir agrupar todas tus nubes y crear una gran nube.","breadcrumb":{"@id":"https:\/\/www.aircluster.org\/es\/como-crear-un-cluster-y-anadir-las-nubes\/#breadcrumb"},"inLanguage":"es","potentialAction":[{"@type":"ReadAction","target":["https:\/\/www.aircluster.org\/es\/como-crear-un-cluster-y-anadir-las-nubes\/"]}]},{"@type":"ImageObject","inLanguage":"es","@id":"https:\/\/www.aircluster.org\/es\/como-crear-un-cluster-y-anadir-las-nubes\/#primaryimage","url":"https:\/\/www.aircluster.org\/es\/wp-content\/uploads\/sites\/3\/2019\/11\/screenshot_addaccount-1.png","contentUrl":"https:\/\/www.aircluster.org\/es\/wp-content\/uploads\/sites\/3\/2019\/11\/screenshot_addaccount-1.png","width":994,"height":688},{"@type":"BreadcrumbList","@id":"https:\/\/www.aircluster.org\/es\/como-crear-un-cluster-y-anadir-las-nubes\/#breadcrumb","itemListElement":[{"@type":"ListItem","position":1,"name":"Portada","item":"https:\/\/www.aircluster.org\/es\/"},{"@type":"ListItem","position":2,"name":"\u00bfC\u00f3mo crear un cluster y a\u00f1adir las nubes?"}]},{"@type":"WebSite","@id":"https:\/\/www.aircluster.org\/es\/#website","url":"https:\/\/www.aircluster.org\/es\/","name":"Air Cluster","description":"Suma todas tus nubes y crea una \u00fanica nube","publisher":{"@id":"https:\/\/www.aircluster.org\/es\/#organization"},"potentialAction":[{"@type":"SearchAction","target":{"@type":"EntryPoint","urlTemplate":"https:\/\/www.aircluster.org\/es\/?s={search_term_string}"},"query-input":{"@type":"PropertyValueSpecification","valueRequired":true,"valueName":"search_term_string"}}],"inLanguage":"es"},{"@type":"Organization","@id":"https:\/\/www.aircluster.org\/es\/#organization","name":"Air Cluster","url":"https:\/\/www.aircluster.org\/es\/","logo":{"@type":"ImageObject","inLanguage":"es","@id":"https:\/\/www.aircluster.org\/es\/#\/schema\/logo\/image\/","url":"https:\/\/www.aircluster.org\/es\/wp-content\/uploads\/sites\/3\/2019\/10\/cropped-aircluster_logo512.png","contentUrl":"https:\/\/www.aircluster.org\/es\/wp-content\/uploads\/sites\/3\/2019\/10\/cropped-aircluster_logo512.png","width":512,"height":512,"caption":"Air Cluster"},"image":{"@id":"https:\/\/www.aircluster.org\/es\/#\/schema\/logo\/image\/"},"sameAs":["https:\/\/www.facebook.com\/aircluster"]}]}},"_links":{"self":[{"href":"https:\/\/www.aircluster.org\/es\/wp-json\/wp\/v2\/pages\/341","targetHints":{"allow":["GET"]}}],"collection":[{"href":"https:\/\/www.aircluster.org\/es\/wp-json\/wp\/v2\/pages"}],"about":[{"href":"https:\/\/www.aircluster.org\/es\/wp-json\/wp\/v2\/types\/page"}],"author":[{"embeddable":true,"href":"https:\/\/www.aircluster.org\/es\/wp-json\/wp\/v2\/users\/1"}],"replies":[{"embeddable":true,"href":"https:\/\/www.aircluster.org\/es\/wp-json\/wp\/v2\/comments?post=341"}],"version-history":[{"count":3,"href":"https:\/\/www.aircluster.org\/es\/wp-json\/wp\/v2\/pages\/341\/revisions"}],"predecessor-version":[{"id":708,"href":"https:\/\/www.aircluster.org\/es\/wp-json\/wp\/v2\/pages\/341\/revisions\/708"}],"wp:attachment":[{"href":"https:\/\/www.aircluster.org\/es\/wp-json\/wp\/v2\/media?parent=341"}],"curies":[{"name":"wp","href":"https:\/\/api.w.org\/{rel}","templated":true}]}}