{"id":32,"date":"2019-02-11T10:15:24","date_gmt":"2019-02-11T10:15:24","guid":{"rendered":"https:\/\/www.aircluster.org\/es\/?page_id=32"},"modified":"2026-04-08T15:19:55","modified_gmt":"2026-04-08T14:19:55","slug":"download","status":"publish","type":"page","link":"https:\/\/www.aircluster.org\/es\/download\/","title":{"rendered":"Descargar"},"content":{"rendered":"<h3 style=\"text-align: left;\">Air Cluster versions for Windows:<\/h3>\n<h3>Air Cluster versi\u00f3n 2.2.1<\/h3>\n<p>8 de abril de 2026<br \/>-Arreglado un problema al leer archivos locales para la sincronizaci\u00f3n.<br \/>-Actualizada la traducci\u00f3n al portugu\u00e9s (gracias a Igor).<\/p>\n<h3>Air Cluster versi\u00f3n 2.2.0<\/h3>\n<p>16 de febrero de 2026<br \/>-A\u00f1adido el programador de tareas. Ahora es posible programar subidas, descargas, transferencias entre nubes o sincronizaciones peri\u00f3dicas.<br \/>-Ahora es posible usar comodines para seleccionar varios archivos en la l\u00ednea de comandos.<br \/>-Se redujo el uso de memoria en las sincronizaciones.<br \/>-Solucionado un problema al descargar archivos de Dropbox durante m\u00e1s de una hora.<br \/>-Solucionado un problema con el token de inicio de sesi\u00f3n de Terabox.<br \/>-Solucionado un problema que imped\u00eda que una sincronizaci\u00f3n terminara nunca.<br \/>-Se evitan los errores de conflicto 409 en subidas grandes para Box.<br \/>-Se muestra m\u00e1s informaci\u00f3n sobre errores de megabytes.<br \/>-Solucionado un problema que imped\u00eda que las subidas de pCloud funcionaran en algunos equipos.<br \/>-Solucionado un problema que imped\u00eda iniciar sesi\u00f3n con algunas cuentas de Box.<br \/>-Mejorado la compatibilidad de SFTP con m\u00e1s protocolos y servidores.<\/p>\n<h3>Air Cluster versi\u00f3n 2.1.0<\/h3>\n<p>20 de febrero de 2025<br \/>-A\u00f1adida sincronizaci\u00f3n encriptada.<br \/>-A\u00f1adidos filtros avanzados para las sincronizaciones (por tama\u00f1o, fecha, nombre, etc.).<br \/>-Las sincronizaciones son m\u00e1s r\u00e1pidas en muchos casos.<br \/>-Se puede crear y guardar un informe de sincronizaci\u00f3n.<br \/>-Es posible usar Google Drive usando una ID de API de Oauth personalizada.<br \/>-Evita que el ordenador entre en modo de suspensi\u00f3n cuando se est\u00e1 ejecutando una sincronizaci\u00f3n.<br \/>-Solucionado el problema de que las subidas a pCloud que no funcionaban en algunos ordenadores.<br \/>-Actualizaci\u00f3n de mail.ru<br \/>-Usa endpoints regionales para las subidas en Box.<br \/>-Actualizaci\u00f3n de la traducci\u00f3n al h\u00fangaro (gracias a John Fowler).<\/p>\n<h3>Air Cluster versi\u00f3n 2.0.0<\/h3>\n<p>6 de septiembre de 2024<br \/>-A\u00f1adida la compatibilidad con la l\u00ednea de comandos para sincronizar carpetas, subirr, descargar, etc. Ahora es posible crear scripts para hacer copias de seguridad de tu ordenador en un cl\u00faster o automatizar tareas.<br \/>-A\u00f1adida la compatibilidad con la nube Pikpak.<br \/>-Muestra m\u00e1s informaci\u00f3n en caso de error al a\u00f1adir cuentas.<br \/>-Arreglado un error al a\u00f1adir algunas cuentas de Terabox.<br \/>-Arreglado un problema al mostrar una carpeta con etiqueta en Mega.<br \/>-Arreglado un error de sincronizaci\u00f3n en Google Drive (pod\u00edan crearse carpetas incorrectas .xlsx.xlsx\u2026).<br \/>-Arreglado un problema con comillas dobles en Google Drive.<br \/>-Arreglada la compatibilidad con quickxorhash para OneDrive y OneDrive para empresas.<br \/>-Actualizada la traducci\u00f3n al chinos tradicional (gracias a Wang).<\/p>\n<h3>Air Cluster versi\u00f3n 1.9.0<\/h3>\n<p>16 de octubre de 2023<br \/>-A\u00f1adida la compatibilidad con el almacenamiento de Terabox.<br \/>-Arreglada la ventana de tareas que no se cerraba en algunos casos.<br \/>-Arreglado el problema al cargar archivos .xlsm grandes en OneDrive for Business y Sharepoint.<br \/>-Soporte al sobrescribir al copiar carpetas de Box.<br \/>-A\u00f1adido soporte para caracteres Unicode bidireccionales.<br \/>-Mejor manejo de errores 429 al leer las carpetas en OneDrive for Business.<br \/>-Arreglado Naver.<\/p>\n<h3>Air Cluster versi\u00f3n 1.8.0<\/h3>\n<p>12 de marzo de 2023<br \/>-Solucionados los fallos en la subida en Mega a acausa de las miniaturas.<br \/>-Guarda la lista de cl\u00fasteres.<br \/>-Actualizado Yandex.<br \/>-Renombrado TeraCLOUD a InfiniCLOUD.<br \/>-Solucionado el problema al subir archivos muy grandes en Google Drive con conexiones muy lentas.<br \/>-Solucionado que algunos archivos no se pod\u00edan subir a Degoo.<br \/>-Solucionado la descarga de archivos de las carpetas de Dropbox teams.<br \/>-Solucionado el generar en Dropbox los enlaces compartidos.<br \/>-Solucionado la diferencia de tiempo de 1 segundo para algunas subidas de Degoo.<br \/>-Solucionado que no era posible arrastrar algunas carpetas en Jottacloud y Onlime.<br \/>-Solucionado el problema al a\u00f1adir de cuentas de Huawei Drive.<br \/>-Solucionado que no era posible cargar archivos de m\u00e1s de 2 GB a HiDrive.<br \/>-Velocidad de subida a Degoo mejorada.<br \/>-Ahora es posible descargar papeles de Dropbox y Documentos de Google en Dropbox.<br \/>-Solucionado que Box no pod\u00eda leer las carpetas con m\u00e1s de 300000 elementos.<br \/>-Traducci\u00f3n al portugu\u00e9s actualizada (gracias a Leinad4Mind).<\/p>\n<h3>Air Cluster versi\u00f3n 1.7.1<\/h3>\n<p>18 de noviembre de 2022<br \/>-Corregido que las cuentas de Degoo no se pud\u00edan registrar en algunos ordenadores.<br \/>-Evita los errores 429 en OneDrive for Business y Sharepoint.<br \/>-En OneDrive for Business y Sharepoint ahora los errores 429 y 50x se manejan mejor.<br \/>-Eliminada la dependencia del motor de Internet Explorer para mostrar las p\u00e1ginas de inicio de sesi\u00f3n integradas, ahora Air Explorer usa el motor Edge. Para usar el motor Edge m\u00e1s nuevo, el \u00abEdge engine the WebView2 runtime\u00bb debe estar instalado en el ordenador.<br \/>-Arreglado que en ocasiones los Documentos de Google no se copiaban correctamente a otra nube.<br \/>-Se redujo la cantidad de solicitudes necesarias para leer las carpetas en OneDrive for Business y Sharepoint.<br \/>-Arregladas las descargas de Degoo.<br \/>-Solucionado el problema de inicio de sesi\u00f3n de Mega con algunas contrase\u00f1as.<br \/>-Traducci\u00f3n al Ucraniano actualizada (gracias a Volodymyr).<br \/>-Traducci\u00f3n al H\u00fangaro actualizada (gracias a John Fowler).<br \/>-Traducci\u00f3n al Japon\u00e9s actualizada (gracias a Tilt).<\/p>\n<h3>Air Cluster versi\u00f3n 1.7.0<\/h3>\n<p>9 de agosto de 2022<br \/>-A\u00f1adido soporte para Degoo.<br \/>-A\u00f1adido soporte para Nutstore (https:\/\/www.jianguoyun.com\/).<br \/>-A\u00f1adido soporte para Onlime.<br \/>-Ahora se usar\u00e1 el motor Edge o el motor de Internet Explorer al a\u00f1adir algunas cuentas.<br \/>-Actualizada la traducci\u00f3n al coreano (gracias a Jaehyung).<br \/>-Actualizada la traducci\u00f3n al chino tradicional (gracias a Wang).<\/p>\n<h3>Air Cluster versi\u00f3n 1.6.0<\/h3>\n<p>19 de marzo de 2022<br \/>-A\u00f1adida opci\u00f3n para cambiar el nombre de visualizaci\u00f3n de las cuentas registradas.<br \/>-Se ha a\u00f1adido soporte para rutas largas.<br \/>-Subidas a Mega m\u00e1s r\u00e1pidas.<br \/>-Se pueden compartir carpetas de Mega.<br \/>-Muestra las miniaturas de Mega.<br \/>-Reproduce v\u00eddeos en l\u00ednea en Mega.<br \/>-Conexi\u00f3n m\u00e1s r\u00e1pida en algunas cuentas de Mega.<br \/>-Arreglado soporte para HiDrive.<br \/>-Velocidades de subida y descarga en sftp mejoradas.<br \/>-Al guarda los archivos encriptados editados mantiene la encriptaci\u00f3n.<br \/>-Arreglado que los archivos internos de Google Drive copiados pod\u00edan duplicar los archivos.<br \/>-Arreglado el problema de subir documentos de Google a pCloud.<br \/>-A\u00f1adida la reproducci\u00f3n de v\u00eddeos en l\u00ednea en Naver.<br \/>-A\u00f1adida la reproducci\u00f3n de v\u00eddeos en l\u00ednea en SFTP.<br \/>-Arreglado que algunos caracteres no se manejaban correctamente en algunos servidores webdav.<br \/>-Actualizada la traducci\u00f3n al chino (tradicional) (Gracias a Wang).<\/p>\n<h3>Air Cluster versi\u00f3n 1.5.1<\/h3>\n<p>31 de diciembre de 2021<br \/>-Arreglado que fallaba la transferencia de archivos desde otra nube a Mega.<br \/>-Arreglada la subida de archivos encriptados a Mega.<br \/>-Actualizada la traducci\u00f3n al japon\u00e9s (Thanks to Tilt)<\/p>\n<h3>Air Cluster versi\u00f3n 1.5.0<\/h3>\n<p>28 de diciembre de 2021<br \/>-A\u00f1adido soporte para Huawei Cloud.<br \/>-A\u00f1adido soporte para Jottacloud.<br \/>-A\u00f1adido que encripte nombres de carpeta.<br \/>-A\u00f1adido que se pueda guardar la contrase\u00f1a utilizada al encriptar.<br \/>-Arreglado que algunas subidas de Mega no terminaban bien.<br \/>-A\u00f1adido en el men\u00fa \u00abAbrir con\u00bb para seleccionar la aplicaci\u00f3n para abrir los archivos en las nubes.<br \/>-Mega ahora mantiene la fecha del archivo en las subidas.<br \/>-pCloud ahora mantiene la fecha del archivo en las subidas.<br \/>-Arreglado el error 429 en OneDrive for Business.<br \/>-Mejoradas la compatibilidad con FTP.<br \/>-A\u00f1adida la compatibilidad con las subidas en partes de Opendrive.<br \/>-Descarga m\u00e1s rapido en OpenDrive.<br \/>-Arreglado que la conexi\u00f3n era lenta para algunas cuentas de Google Drive.<br \/>-Mejorada la estabilidad.<br \/>-A\u00f1adida traducci\u00f3n al checo (gracias a Martin)<\/p>\n<h3>Air Cluster versi\u00f3n 1.4.1<\/h3>\n<p>16 de agosto de 2021<br \/>-Arreglado OneDrive for Business.<br \/>-A\u00f1adido soporte para Teracloud.<br \/>-Cambios en el interfaz.<br \/>-Actualizada la traducci\u00f3n al chino tradicional (thanks to Hulen).<\/p>\n<h3>Air Cluster versi\u00f3n 1.4.0<\/h3>\n<p>18 de mayo de 2021<br \/>-Se pueden editar archivos, cuando abres un archivo podr\u00e1s modificarlo y autom\u00e1ticamente salvarlo en la nube cuando acabes de editarlo.<br \/>-A\u00f1adido soporte para OneDrive China.<br \/>-A\u00f1adido soporte para Sharepoint China.<br \/>-Se pueden importar y exportar cluster.<br \/>-Ahora es posible reproducir el v\u00eddeo directamente desde la nube y verlo sin descargarlo. Es recomendable instalar VLC para llevar a cabo esta funci\u00f3n.<br \/>-Se pueden organizar las cuentas arrastrando.<br \/>-Nueva opci\u00f3n del bot\u00f3n derecho para descargar archivos o carpetas.<br \/>-Nueva opci\u00f3n de subir archivo o carpetas.<br \/>-Mejorada la estabilidad.<br \/>-Actualizada la traducci\u00f3n al coreano (Thanks to JaeHyung).<\/p>\n<h3>Air Cluster versi\u00f3n 1.3.0<\/h3>\n<p>9 de febrero de 2021<br \/>-A\u00f1adido soporte para Nextcloud.<br \/>-A\u00f1adido soporte para Owncloud.<br \/>-Actualizada la herramienta dbusqueda en Dropbox.<br \/>-Muestra el nombre de la cuenta en la ventana de conexi\u00f3n.<br \/>-Mejorada la subida de archivos a Dropbox.<br \/>-Sincronizaci\u00f3n m\u00e1s r\u00e1pida con Box<br \/>-Solucionado el problema de compatibilidad con Synology SFTP.<br \/>-Arreglado el error al copiar archivos o carpetas en algunos servidores webdav.<br \/>-Eliminado el l\u00edmite de archivos de 2GB para HiDrive.<br \/>-Mejorada la estabilidad.<br \/>-A\u00f1adida la traducci\u00f3n al japon\u00e9s (gracias a Tilt).<br \/>-A\u00f1adida traducci\u00f3n al italiano (gracias a Marco).<br \/>-A\u00f1adida traducci\u00f3n al bielorruso (gracias a Alexander).<br \/>-Actualizada la traducci\u00f3n al h\u00fangaro (gracias a John).<\/p>\n<h3>Air Cluster versi\u00f3n 1.2.0<\/h3>\n<p>6 de noviembre de 2020<br \/>-A\u00f1adido soporte para Opendrive.<br \/>-A\u00f1adido soporte para Koofr.<br \/>-Arreglado que algunas cuentas de Mega no pod\u00edan iniciar sesi\u00f3n.<br \/>-Arreglado que mail.ru no enviaba SMS para autenticaci\u00f3n en 2 factores.<br \/>-Mejorada la compatibilidad con WebDav.<br \/>-Actualizado el soporte para Mediafire.<br \/>-Arreglado que algunas cuentas de pCloud no se pod\u00edan a\u00f1adir.<br \/>-Arreglado que algunas cuentas de ftp no se pod\u00edan a\u00f1adir.<br \/>-Mejorada la clasificaci\u00f3n de archivos con n\u00fameros en el nombre.<br \/>-A\u00f1adido el men\u00fa de propiedades a la lista de b\u00fasqueda.<\/p>\n<h3>Air Cluster versi\u00f3n 1.1.3<\/h3>\n<p>18 de agosto de 2020<br \/>-Actualizado mail.ru.<br \/>-Actualizado Naver.<br \/>-Arreglado que el m\u00e1ximo de subidas no funcionaba en las sincronizaciones.<br \/>-Actualizada la traducci\u00f3n al ucraniano (thanks to Volodymyr).<\/p>\n<h3>Air Cluster versi\u00f3n 1.1.2<\/h3>\n<p>21 de mayo de 2020<br \/>-Actualizado soporte actualizado de pCloud.<br \/>-Arreglado que saliese bien el tama\u00f1o del disco para algunas cuentas de mail.ru.<br \/>-Arreglado que fallaba la subida de archivos muy peque\u00f1os a mail.ru.<\/p>\n<h3>Air Cluster versi\u00f3n 1.1.1<\/h3>\n<p>10 de abril de 2020<br \/>-Arreglado que la configuraci\u00f3n de la pol\u00edtica de escritura del disco no se guardaba correctamente.<br \/>-Opci\u00f3n para solicitar una contrase\u00f1a cuando se inicia Air Cluster.<br \/>-Arreglado, la configuraci\u00f3n de cargas y descargas simult\u00e1neas no funcionaba bien.<br \/>-Arreglado que la barra de direcci\u00f3n no aparec\u00eda en alguna configuraci\u00f3n de pantalla.<br \/>-A\u00f1adida traducci\u00f3n al chino simplificado (thanks to 133132132).<br \/>-A\u00f1adida traducci\u00f3n al coreano (thanks to JaeHyung).<br \/>-A\u00f1adida traducci\u00f3n al portugu\u00e9s brasile\u00f1o (thanks to Geraldo Cezar).<br \/>-A\u00f1adida traducci\u00f3n al polaco (thanks to Staszek).<br \/>-A\u00f1adida traducci\u00f3n al turco (thanks to Kutay).<br \/>-A\u00f1adida traducci\u00f3n al holand\u00e9s (thanks to Philiep).<br \/>-A\u00f1adida traducci\u00f3n al hungaro (thanks to John).<br \/>-A\u00f1adida traducci\u00f3n al franc\u00e9s (thanks to Largo).<br \/>-A\u00f1adida traducci\u00f3n al bieloruso (thanks to Alexander).<br \/>-A\u00f1adida traducci\u00f3n al chino (thanks to Eric).<br \/>-A\u00f1adida traducci\u00f3n al ucraniano (thanks to Volodymyr).<br \/>-A\u00f1adida traducci\u00f3n al alem\u00e1n (thanks to Maria).<\/p>\n<h3>Air Cluster versi\u00f3n 1.1.0<\/h3>\n<p>29 de diciembre de 2019<br \/>-Mejorada la estabilidad.<br \/>-A\u00f1adido soporte para Sharepoint Online<br \/>-Actualizado Yandex. Ser\u00e1 necesario intoriducir contrase\u00f1a y usuario de nuevo.<br \/>-A\u00f1adida traducci\u00f3n al franc\u00e9s (gracias a Stephane).<br \/>-A\u00f1adida traducci\u00f3n al ruso (gracias a Alexander Mironov).<\/p>\n<h3 style=\"text-align: left;\">Air Cluster versi\u00f3n 1.0.0<\/h3>\n<p style=\"text-align: left;\">-Primera versi\u00f3n.<br \/>-Idiomas soportados: ingl\u00e9s y espa\u00f1ol.<br \/>-Soporta ls siguientes nubes:<br \/>Google Drive<br \/>Mega<br \/>OneDrive<br \/>Dropbox<br \/>Box<br \/>OneDrive for Business<br \/>Naver<br \/>Yandex<br \/>Mail.ru<br \/>SFTP<br \/>WebDAV<br \/>Mail.com<br \/>Magenta CLOUD<br \/>Hidrive<br \/>Stack Storage<br \/>Datto Drive<br \/>Adrive<br \/>pCloud<\/p>\n\n\n<p><\/p>\n","protected":false},"excerpt":{"rendered":"<p>Air Cluster versions for Windows: Air Cluster versi\u00f3n 2.2.1 8 de abril de 2026-Arreglado un problema al leer archivos locales para la sincronizaci\u00f3n.-Actualizada la traducci\u00f3n al portugu\u00e9s (gracias a Igor). Air Cluster versi\u00f3n 2.2.0 16 de febrero de 2026-A\u00f1adido el programador de tareas. Ahora es posible programar subidas, descargas, transferencias entre nubes o sincronizaciones peri\u00f3dicas.-Ahora&nbsp;&hellip;<\/p>\n","protected":false},"author":1,"featured_media":0,"parent":0,"menu_order":0,"comment_status":"closed","ping_status":"closed","template":"page-templates\/page-with-right-sidebar.php","meta":{"footnotes":""},"class_list":["post-32","page","type-page","status-publish","hentry"],"yoast_head":"<!-- This site is optimized with the Yoast SEO plugin v27.4 - https:\/\/yoast.com\/product\/yoast-seo-wordpress\/ -->\n<title>Descargar Air Cluster<\/title>\n<meta name=\"description\" content=\"Descargate te el programa y gestiona tus nubes con Air Cluster.\" \/>\n<meta name=\"robots\" content=\"index, follow, max-snippet:-1, max-image-preview:large, max-video-preview:-1\" \/>\n<link rel=\"canonical\" href=\"https:\/\/www.aircluster.org\/es\/download\/\" \/>\n<meta property=\"og:locale\" content=\"es_ES\" \/>\n<meta property=\"og:type\" content=\"article\" \/>\n<meta property=\"og:title\" content=\"Descargar Air Cluster\" \/>\n<meta property=\"og:description\" content=\"Descargate te el programa y gestiona tus nubes con Air Cluster.\" \/>\n<meta property=\"og:url\" content=\"https:\/\/www.aircluster.org\/es\/download\/\" \/>\n<meta property=\"og:site_name\" content=\"Air Cluster\" \/>\n<meta property=\"article:publisher\" content=\"https:\/\/www.facebook.com\/aircluster\" \/>\n<meta property=\"article:modified_time\" content=\"2026-04-08T14:19:55+00:00\" \/>\n<meta property=\"og:image\" content=\"https:\/\/www.aircluster.org\/es\/wp-content\/uploads\/sites\/3\/2019\/10\/cropped-aircluster_logo512.png\" \/>\n\t<meta property=\"og:image:width\" content=\"512\" \/>\n\t<meta property=\"og:image:height\" content=\"512\" \/>\n\t<meta property=\"og:image:type\" content=\"image\/png\" \/>\n<meta name=\"twitter:card\" content=\"summary_large_image\" \/>\n<meta name=\"twitter:label1\" content=\"Tiempo de lectura\" \/>\n\t<meta name=\"twitter:data1\" content=\"9 minutos\" \/>\n<script type=\"application\/ld+json\" class=\"yoast-schema-graph\">{\"@context\":\"https:\\\/\\\/schema.org\",\"@graph\":[{\"@type\":\"WebPage\",\"@id\":\"https:\\\/\\\/www.aircluster.org\\\/es\\\/download\\\/\",\"url\":\"https:\\\/\\\/www.aircluster.org\\\/es\\\/download\\\/\",\"name\":\"Descargar Air Cluster\",\"isPartOf\":{\"@id\":\"https:\\\/\\\/www.aircluster.org\\\/es\\\/#website\"},\"datePublished\":\"2019-02-11T10:15:24+00:00\",\"dateModified\":\"2026-04-08T14:19:55+00:00\",\"description\":\"Descargate te el programa y gestiona tus nubes con Air Cluster.\",\"breadcrumb\":{\"@id\":\"https:\\\/\\\/www.aircluster.org\\\/es\\\/download\\\/#breadcrumb\"},\"inLanguage\":\"es\",\"potentialAction\":[{\"@type\":\"ReadAction\",\"target\":[\"https:\\\/\\\/www.aircluster.org\\\/es\\\/download\\\/\"]}]},{\"@type\":\"BreadcrumbList\",\"@id\":\"https:\\\/\\\/www.aircluster.org\\\/es\\\/download\\\/#breadcrumb\",\"itemListElement\":[{\"@type\":\"ListItem\",\"position\":1,\"name\":\"Portada\",\"item\":\"https:\\\/\\\/www.aircluster.org\\\/es\\\/\"},{\"@type\":\"ListItem\",\"position\":2,\"name\":\"Descargar\"}]},{\"@type\":\"WebSite\",\"@id\":\"https:\\\/\\\/www.aircluster.org\\\/es\\\/#website\",\"url\":\"https:\\\/\\\/www.aircluster.org\\\/es\\\/\",\"name\":\"Air Cluster\",\"description\":\"Suma todas tus nubes y crea una \u00fanica nube\",\"publisher\":{\"@id\":\"https:\\\/\\\/www.aircluster.org\\\/es\\\/#organization\"},\"potentialAction\":[{\"@type\":\"SearchAction\",\"target\":{\"@type\":\"EntryPoint\",\"urlTemplate\":\"https:\\\/\\\/www.aircluster.org\\\/es\\\/?s={search_term_string}\"},\"query-input\":{\"@type\":\"PropertyValueSpecification\",\"valueRequired\":true,\"valueName\":\"search_term_string\"}}],\"inLanguage\":\"es\"},{\"@type\":\"Organization\",\"@id\":\"https:\\\/\\\/www.aircluster.org\\\/es\\\/#organization\",\"name\":\"Air Cluster\",\"url\":\"https:\\\/\\\/www.aircluster.org\\\/es\\\/\",\"logo\":{\"@type\":\"ImageObject\",\"inLanguage\":\"es\",\"@id\":\"https:\\\/\\\/www.aircluster.org\\\/es\\\/#\\\/schema\\\/logo\\\/image\\\/\",\"url\":\"https:\\\/\\\/www.aircluster.org\\\/es\\\/wp-content\\\/uploads\\\/sites\\\/3\\\/2019\\\/10\\\/cropped-aircluster_logo512.png\",\"contentUrl\":\"https:\\\/\\\/www.aircluster.org\\\/es\\\/wp-content\\\/uploads\\\/sites\\\/3\\\/2019\\\/10\\\/cropped-aircluster_logo512.png\",\"width\":512,\"height\":512,\"caption\":\"Air Cluster\"},\"image\":{\"@id\":\"https:\\\/\\\/www.aircluster.org\\\/es\\\/#\\\/schema\\\/logo\\\/image\\\/\"},\"sameAs\":[\"https:\\\/\\\/www.facebook.com\\\/aircluster\"]}]}<\/script>\n<!-- \/ Yoast SEO plugin. -->","yoast_head_json":{"title":"Descargar Air Cluster","description":"Descargate te el programa y gestiona tus nubes con Air Cluster.","robots":{"index":"index","follow":"follow","max-snippet":"max-snippet:-1","max-image-preview":"max-image-preview:large","max-video-preview":"max-video-preview:-1"},"canonical":"https:\/\/www.aircluster.org\/es\/download\/","og_locale":"es_ES","og_type":"article","og_title":"Descargar Air Cluster","og_description":"Descargate te el programa y gestiona tus nubes con Air Cluster.","og_url":"https:\/\/www.aircluster.org\/es\/download\/","og_site_name":"Air Cluster","article_publisher":"https:\/\/www.facebook.com\/aircluster","article_modified_time":"2026-04-08T14:19:55+00:00","og_image":[{"width":512,"height":512,"url":"https:\/\/www.aircluster.org\/es\/wp-content\/uploads\/sites\/3\/2019\/10\/cropped-aircluster_logo512.png","type":"image\/png"}],"twitter_card":"summary_large_image","twitter_misc":{"Tiempo de lectura":"9 minutos"},"schema":{"@context":"https:\/\/schema.org","@graph":[{"@type":"WebPage","@id":"https:\/\/www.aircluster.org\/es\/download\/","url":"https:\/\/www.aircluster.org\/es\/download\/","name":"Descargar Air Cluster","isPartOf":{"@id":"https:\/\/www.aircluster.org\/es\/#website"},"datePublished":"2019-02-11T10:15:24+00:00","dateModified":"2026-04-08T14:19:55+00:00","description":"Descargate te el programa y gestiona tus nubes con Air Cluster.","breadcrumb":{"@id":"https:\/\/www.aircluster.org\/es\/download\/#breadcrumb"},"inLanguage":"es","potentialAction":[{"@type":"ReadAction","target":["https:\/\/www.aircluster.org\/es\/download\/"]}]},{"@type":"BreadcrumbList","@id":"https:\/\/www.aircluster.org\/es\/download\/#breadcrumb","itemListElement":[{"@type":"ListItem","position":1,"name":"Portada","item":"https:\/\/www.aircluster.org\/es\/"},{"@type":"ListItem","position":2,"name":"Descargar"}]},{"@type":"WebSite","@id":"https:\/\/www.aircluster.org\/es\/#website","url":"https:\/\/www.aircluster.org\/es\/","name":"Air Cluster","description":"Suma todas tus nubes y crea una \u00fanica nube","publisher":{"@id":"https:\/\/www.aircluster.org\/es\/#organization"},"potentialAction":[{"@type":"SearchAction","target":{"@type":"EntryPoint","urlTemplate":"https:\/\/www.aircluster.org\/es\/?s={search_term_string}"},"query-input":{"@type":"PropertyValueSpecification","valueRequired":true,"valueName":"search_term_string"}}],"inLanguage":"es"},{"@type":"Organization","@id":"https:\/\/www.aircluster.org\/es\/#organization","name":"Air Cluster","url":"https:\/\/www.aircluster.org\/es\/","logo":{"@type":"ImageObject","inLanguage":"es","@id":"https:\/\/www.aircluster.org\/es\/#\/schema\/logo\/image\/","url":"https:\/\/www.aircluster.org\/es\/wp-content\/uploads\/sites\/3\/2019\/10\/cropped-aircluster_logo512.png","contentUrl":"https:\/\/www.aircluster.org\/es\/wp-content\/uploads\/sites\/3\/2019\/10\/cropped-aircluster_logo512.png","width":512,"height":512,"caption":"Air Cluster"},"image":{"@id":"https:\/\/www.aircluster.org\/es\/#\/schema\/logo\/image\/"},"sameAs":["https:\/\/www.facebook.com\/aircluster"]}]}},"_links":{"self":[{"href":"https:\/\/www.aircluster.org\/es\/wp-json\/wp\/v2\/pages\/32","targetHints":{"allow":["GET"]}}],"collection":[{"href":"https:\/\/www.aircluster.org\/es\/wp-json\/wp\/v2\/pages"}],"about":[{"href":"https:\/\/www.aircluster.org\/es\/wp-json\/wp\/v2\/types\/page"}],"author":[{"embeddable":true,"href":"https:\/\/www.aircluster.org\/es\/wp-json\/wp\/v2\/users\/1"}],"replies":[{"embeddable":true,"href":"https:\/\/www.aircluster.org\/es\/wp-json\/wp\/v2\/comments?post=32"}],"version-history":[{"count":29,"href":"https:\/\/www.aircluster.org\/es\/wp-json\/wp\/v2\/pages\/32\/revisions"}],"predecessor-version":[{"id":2228,"href":"https:\/\/www.aircluster.org\/es\/wp-json\/wp\/v2\/pages\/32\/revisions\/2228"}],"wp:attachment":[{"href":"https:\/\/www.aircluster.org\/es\/wp-json\/wp\/v2\/media?parent=32"}],"curies":[{"name":"wp","href":"https:\/\/api.w.org\/{rel}","templated":true}]}}